{"id":76,"date":"2015-09-25T09:30:19","date_gmt":"2015-09-25T07:30:19","guid":{"rendered":"http:\/\/dirk-diedrich.de\/?page_id=76"},"modified":"2015-09-25T09:30:19","modified_gmt":"2015-09-25T07:30:19","slug":"spd-amt-und-mandat","status":"publish","type":"page","link":"https:\/\/dirk-diedrich.de\/?page_id=76","title":{"rendered":"SPD: Amt und Mandat"},"content":{"rendered":"<p>Hier m\u00f6chte ich ein wenig \u00fcber meine derzeitigen Mandate und \u00c4mter informieren die ich f\u00fcr die SPD aus\u00fcbe. Ebenfalls lege ich hier dar, welche Summen an Geldern ich erhalte.<\/p>\n<h3><strong>Ratsversammlung Stadt Heide:\u00a0<\/strong><\/h3>\n<p>seit 2013 gew\u00e4hltes Mitglied der Ratsversammlung. Mitglied im Ausschuss f\u00fcr Wirtschaft und Tourismus und im Ausschuss f\u00fcr Familie, Schule und Sport. Ebenfalls Mitglied in der Gesellschaftersammlung der Stadtwerke Heide GmbH (ohne Stimmrecht) im Aufsichtsrat der Heide Stadtmarketing GmbH. Zus\u00e4tzlich Mitglied der Zweckverbandsversammlung des KiTa-Zweckverbands Heide-Umland und Mitglied im Schulleiterwahlausschuss. Dazu kommen einige Stellvertretungen, falls mal eine Ratsfrau oder ein Ratsherr verhindert sind. Ich erhalte daf\u00fcr eine Entsch\u00e4digungspauschale in H\u00f6he von 102,40 Euro im Monat. Davon gehen 20 Euro als Spende an die SPD.<\/p>\n<h3><strong>Landesvorstand SPD:<\/strong><\/h3>\n<p>Von 2015 bis 2018 war ich gew\u00e4hltes Mitglied des SPD Landesvorstand Schleswig-Holstein. Dort vertrat ich die Berufliche Bildung und L\u00e4ndliche R\u00e4ume. Geld gab es daf\u00fcr nicht. Ich fuhr einmal im Monat nach Kiel zur Vorstandssitzung und nahm regelm\u00e4\u00dfig an Veranstaltungen der Landes SPD teil.<\/p>\n<h3><strong>Kreisvorstand SPD:<\/strong><\/h3>\n<p>seit 2014 gew\u00e4hlter stellvertretender Vorsitzender der SPD-Dithmarschen. Ich vertrete fast 1000 Genossinnen und Genossen in unserem sch\u00f6nen Inselstaat. Besonders setze ich mich f\u00fcr die Bildung, die Energiepolitik, den Wirtschaftsstandort Dithmarschen und f\u00fcr die F\u00f6rderung des Tourismus ein.<\/p>\n<h3><strong>Ortsverein Heide:<\/strong><\/h3>\n<p>Eigentlich bin ich seit Kindesbeinen aktiv im Ortsverein Heide. Zwischenzeitlich war ich mal Pressebeauftragter, oder habe mit Freunden die Juso-Ortsgruppe geleitet. Seit 2012 bin ich gew\u00e4hltes Vorstandsmitglied im Heider SPD-Ortsverein und Organisations-Leiter. Regelm\u00e4\u00dfig stehen wir am ersten Sonnabend im Monat am Rondell der Heider Fu\u00dfg\u00e4ngerzone (Gehstra\u00dfe sagt man bei uns). Ich habe die Stadtentwicklung als Hauptschwerpunkt. Die Arbeit im OV macht mir sehr viel Spa\u00df.<\/p>\n<p>Folgt mir gern auf <a href=\"https:\/\/twitter.com\/DirkDiedrich?lang=de\" target=\"_blank\" rel=\"noopener\"><em><strong>TWITTER<\/strong><\/em><\/a><\/p>\n<p><a href=\"https:\/\/dirk-diedrich.de\/2017\/12\/31\/neues-jahr-neues-glueck-tante-spderneuern\/\">mehr\u00a0<\/a><\/p>\n","protected":false},"excerpt":{"rendered":"<p>Hier m\u00f6chte ich ein wenig \u00fcber meine derzeitigen Mandate und \u00c4mter informieren die ich f\u00fcr die SPD aus\u00fcbe. Ebenfalls lege ich hier dar, welche Summen an Geldern ich erhalte. Ratsversammlung Stadt Heide:\u00a0 seit 2013 gew\u00e4hltes Mitglied der Ratsversammlung. Mitglied im Ausschuss f\u00fcr Wirtschaft und Tourismus und im Ausschuss f\u00fcr Familie, Schule und Sport. Ebenfalls Mitglied [&hellip;]<\/p>\n","protected":false},"author":1,"featured_media":6,"parent":0,"menu_order":0,"comment_status":"closed","ping_status":"closed","template":"","meta":{"footnotes":""},"class_list":["post-76","page","type-page","status-publish","has-post-thumbnail","hentry"],"_links":{"self":[{"href":"https:\/\/dirk-diedrich.de\/index.php?rest_route=\/wp\/v2\/pages\/76","targetHints":{"allow":["GET"]}}],"collection":[{"href":"https:\/\/dirk-diedrich.de\/index.php?rest_route=\/wp\/v2\/pages"}],"about":[{"href":"https:\/\/dirk-diedrich.de\/index.php?rest_route=\/wp\/v2\/types\/page"}],"author":[{"embeddable":true,"href":"https:\/\/dirk-diedrich.de\/index.php?rest_route=\/wp\/v2\/users\/1"}],"replies":[{"embeddable":true,"href":"https:\/\/dirk-diedrich.de\/index.php?rest_route=%2Fwp%2Fv2%2Fcomments&post=76"}],"version-history":[{"count":0,"href":"https:\/\/dirk-diedrich.de\/index.php?rest_route=\/wp\/v2\/pages\/76\/revisions"}],"wp:featuredmedia":[{"embeddable":true,"href":"https:\/\/dirk-diedrich.de\/index.php?rest_route=\/wp\/v2\/media\/6"}],"wp:attachment":[{"href":"https:\/\/dirk-diedrich.de\/index.php?rest_route=%2Fwp%2Fv2%2Fmedia&parent=76"}],"curies":[{"name":"wp","href":"https:\/\/api.w.org\/{rel}","templated":true}]}}