{"id":46,"date":"2015-09-24T18:59:15","date_gmt":"2015-09-24T16:59:15","guid":{"rendered":"http:\/\/dirk-diedrich.de\/?page_id=46"},"modified":"2015-09-24T18:59:15","modified_gmt":"2015-09-24T16:59:15","slug":"politisches","status":"publish","type":"page","link":"https:\/\/dirk-diedrich.de\/?page_id=46","title":{"rendered":"Politisches"},"content":{"rendered":"<h3>Bildung<\/h3>\n<p>Bildung ist der Schl\u00fcssel zur Gestaltung eines selbstbestimmten Lebens. Ich k\u00e4mpfe und streite daf\u00fcr, dass jeder Mensch mit der Geburt quasi &#8220;tabula rasa&#8221;, also als eine Art unbeschriebenes wei\u00dfes Blatt Papier ein Teil dieser Gesellschaft wird. Die Erziehung des Menschen ist dann in der Verantwortung geteilt. Einen Teil \u00fcbernimmt das Elternhaus, dabei ist es egal wie man diesen Begriff f\u00fcr sich definiert, und den anderen Teil \u00fcbernimmt der Staat.<!--more--><\/p>\n<p>Jedes Mitglied unserer Gesellschaft tr\u00e4gt die gleiche Verantwortung zum Lernen.<\/p>\n<h3>L\u00e4ndliche R\u00e4ume<\/h3>\n<p>Jeder Mensch hat das Recht, sich dort niederzulassen wo er will. Hausbau, Selbstst\u00e4ndigkeit, ganz egal was. Es macht in meiner Welt keinen Unterschied, ob ich ein Stadtmensch oder ein Landmensch sein m\u00f6chte. Die Gesellschaft hat den Auftrag, f\u00fcr jeden gleiche Voraussetzungen zu schaffen.<\/p>\n<p><!--more--><\/p>\n<p>Ja, das bedeutet nat\u00fcrlich Kosten. Kein \u00d6PNV im l\u00e4ndlichen Raum rechnet sich unter betriebswirtschaftlichen Gesichtspunkten. Aber im innerst\u00e4dtischen Bereich werden die Gewinne erwirtschaftet, die eben dazu beitragen k\u00f6nnten, den Nahverkehr auf dem Land zu unterst\u00fctzen.<\/p>\n<p>Wer sich Schleswig-Holstein mal aufmerksam auf einer Karte angesehen hat, der sieht, dass es mit Bahn und PKW nur senkrechte oder diagonale Verbindungen gibt. Das Land ist in Ost-West-Richtung recht schlecht vernetzt!<\/p>\n<p>Mein Ziel ist es also eine gleichm\u00e4\u00dfige, gerechtere Verteilung der Infrastruktur zu realisieren.<\/p>\n<h3>Gewerkschaften<\/h3>\n<p>Ja, ich bin in der Gewerkschaft. Warum? Ich erkl\u00e4re das immer gern ganz einfach. Wenn ich jeden Monat einen Betrag von 10 Euro zur Bank bringe, dann erwirtschafte ich im Jahr einen Zinsertrag von drei bis vier Euro. Wenn ich aber mein Geld nehme und es in einem Gewerkschaftsbeitrag anlege, dann erhalte ich Gehaltserh\u00f6hungen und juristische Sicherheit, denn fast jede Gewerkschaft unterh\u00e4lt Anw\u00e4lte f\u00fcr Arbeitsrecht, die man als Mitglied kostenfrei nutzen kann. Angenommen ich verdiene 30000 Euro im Jahr und bekomme 4% mehr Lohn\/Gehalt, dann sind das 100 Euro im Monat mehr. Davon ziehe ich meine Investition von 10 Euro ab. Ergebnis 90 Euro. So einfach ist Gewerkschaft. Ach ja, Ihr bekommt die 4% auch so, ohne Mitglied zu sein? Ja stimmt, fr\u00fcher oder sp\u00e4ter ja. Aber die 10 Euro sind meine &#8220;Garantie&#8221;, dass es auch so bleibt. Denn nur, wenn viele Arbeitnehmerinnen und Arbeitnehmer in ihrer Gewerkschaft organisiert sind, gibt es diese M\u00f6glichkeit Tarifvertr\u00e4ge durchzusetzen.<\/p>\n<p><em>Solidarit\u00e4t macht stark!<\/em><\/p>\n<h3>Sozialdemokratie<\/h3>\n<p>Dirk, was machst du bei der SPD? Das ist eine sehr h\u00e4ufige Frage, die ich gestellt bekomme. Nun ich will versuchen in &#8220;Wertvorstellungen&#8221; zu antworten.<\/p>\n<ul>\n<li><strong>Gerechtigkeit:<\/strong> Ich w\u00fcnsche mir eine Welt, in der nicht das Kapital regiert, sondern Gewinne von Firmen verantwortungsvoll eingesetzt werden, um alle, die den Gewinn erm\u00f6glicht haben, daran partizipieren zu lassen. Wer streicht denn den Hauptgewinn ein im Moment? Richtig, Aktion\u00e4re und Spekulanten. Arbeiterinnen und Arbeiter geben einen Gro\u00dfteil ihrer Lebenszeit und meist auch ihrer Gesundheit an einen Betrieb. Dadurch haben diese Menschen f\u00fcr mich ein moralisches Anrecht auf Beteiligung an dem Gewinn.<\/li>\n<li><strong>Freiheit:<\/strong> Jeder Mensch hier in Deutschland soll so frei sein, dass er sein Leben nach eigenen W\u00fcnschen gestalten kann. Das ben\u00f6tigt gleiche Chancen f\u00fcr alle Menschen. Nat\u00fcrlich geht das nicht so einfach, aber auf den Weg muss man sich machen, diese gleichen M\u00f6glichkeiten zu realisieren. Dazu geh\u00f6rt auch ein gesellschaftlicher &#8220;Erziehungsauftrag&#8221;, um jungen Menschen Werte zu vermitteln, dass man die Freiheit des anderen akzeptiert und respektiert.<\/li>\n<li><strong>Arbeit:<\/strong> Die Arbeit ist das, was uns Menschen in Deutschland das t\u00e4gliche Leben erm\u00f6glicht. Einen Urlaub, ein Haus oder auch ein sch\u00f6nes Hobby. Jeder von uns wei\u00df doch genau, dass man nur ein &#8220;Rad&#8221; im Getriebe ist, welches funktioniert oder eben nicht. Ich sehe es als Auftrag der Sozialdemokratie an, dem Menschen eine gute Arbeit zu erm\u00f6glichen, mit der er seine pers\u00f6nliche <strong>Freiheit<\/strong> gestalten kann. Die Sozialdemokratische Partei ist eine Arbeiterinnen- und Arbeiterpartei, die daf\u00fcr sorgt, dass in der wirtschaftlichen Wertsch\u00f6pfung <strong>Gerechtigkeit<\/strong> als Zielvorstellung steht.<\/li>\n<\/ul>\n<p>&nbsp;<\/p>\n","protected":false},"excerpt":{"rendered":"<p>Bildung Bildung ist der Schl\u00fcssel zur Gestaltung eines selbstbestimmten Lebens. Ich k\u00e4mpfe und streite daf\u00fcr, dass jeder Mensch mit der Geburt quasi &#8220;tabula rasa&#8221;, also als eine Art unbeschriebenes wei\u00dfes Blatt Papier ein Teil dieser Gesellschaft wird. Die Erziehung des Menschen ist dann in der Verantwortung geteilt. Einen Teil \u00fcbernimmt das Elternhaus, dabei ist es [&hellip;]<\/p>\n","protected":false},"author":1,"featured_media":73,"parent":0,"menu_order":0,"comment_status":"closed","ping_status":"closed","template":"","meta":{"footnotes":""},"class_list":["post-46","page","type-page","status-publish","has-post-thumbnail","hentry"],"_links":{"self":[{"href":"https:\/\/dirk-diedrich.de\/index.php?rest_route=\/wp\/v2\/pages\/46","targetHints":{"allow":["GET"]}}],"collection":[{"href":"https:\/\/dirk-diedrich.de\/index.php?rest_route=\/wp\/v2\/pages"}],"about":[{"href":"https:\/\/dirk-diedrich.de\/index.php?rest_route=\/wp\/v2\/types\/page"}],"author":[{"embeddable":true,"href":"https:\/\/dirk-diedrich.de\/index.php?rest_route=\/wp\/v2\/users\/1"}],"replies":[{"embeddable":true,"href":"https:\/\/dirk-diedrich.de\/index.php?rest_route=%2Fwp%2Fv2%2Fcomments&post=46"}],"version-history":[{"count":0,"href":"https:\/\/dirk-diedrich.de\/index.php?rest_route=\/wp\/v2\/pages\/46\/revisions"}],"wp:featuredmedia":[{"embeddable":true,"href":"https:\/\/dirk-diedrich.de\/index.php?rest_route=\/wp\/v2\/media\/73"}],"wp:attachment":[{"href":"https:\/\/dirk-diedrich.de\/index.php?rest_route=%2Fwp%2Fv2%2Fmedia&parent=46"}],"curies":[{"name":"wp","href":"https:\/\/api.w.org\/{rel}","templated":true}]}}