{"id":12,"date":"2015-09-22T16:42:59","date_gmt":"2015-09-22T14:42:59","guid":{"rendered":"http:\/\/ddiedrich.akdigitalegesellschaft.de\/?page_id=12"},"modified":"2024-10-24T13:37:56","modified_gmt":"2024-10-24T11:37:56","slug":"dirk-diedrich","status":"publish","type":"page","link":"https:\/\/dirk-diedrich.de\/?page_id=12","title":{"rendered":"Dirk Diedrich"},"content":{"rendered":"<h3>\u00dcber mich:<\/h3>\n<p>Studienrat an der Beruflichen Schule des Kreises Pinneberg in Elmshorn<\/p>\n<p>In der sch\u00f6nen Kreisstadt Heide bin ich in rebellischen Zeiten, Ende der 1960er Jahre geboren. Aufgewachsen in einem sozialdemokratischen Haushalt habe ich fr\u00fch gelernt, wie wichtig es ist, sich f\u00fcr die Belange der Gemeinschaft einzusetzen.<\/p>\n<p>Meine sch\u00f6nste Zeit habe ich in Ortenburg verbracht. Dort habe ich nun ein &#8220;Hobby&#8221;. <a href=\"http:\/\/klassentreffen-ortenburg.de\" target=\"_blank\" rel=\"noopener\">Ehemaligentreffen<\/a>!<\/p>\n<p>Nach meiner Berufsausbildung bei der Maschinenfabrik K\u00f6ster in Heide habe ich in Flensburg und Heide Maschinenbau und Verfahrenstechnik studiert. Meinen Berufswunsch, Studienrat an beruflichen Schulen zu werden, konnte ich mir nach harter Arbeit verwirklichen.<\/p>\n<p>An meinem sechzehnten Geburtstag bin ich Mitglied der Jusos geworden und ein Jahr sp\u00e4ter in den <a href=\"http:\/\/spd-heide.de\/\">SPD Ortsverein Heide<\/a> eingetreten, dem ich nun seit \u00fcber 30 Jahren angeh\u00f6re. Nach der Gr\u00fcndung einer Ortsgruppe der Jusos habe ich ein paar Jahre als Juso Kreisgesch\u00e4ftsf\u00fchrer ehrenamtlich gearbeitet. Einen Ruf nach Kiel durch unseren ehemaligen Landtagspr\u00e4sidenten Heinz-Werner Arens habe ich zugunsten des Studienortes Flensburg damals abgelehnt.<\/p>\n<p>Mitte der 1990er Jahre kehrte ich nach Heide zur\u00fcck. Hier habe ich einige Jahre als Pressewart und Beisitzer im Ortsverein gearbeitet. Von 2013 bis 2023 sa\u00df ich f\u00fcr die SPD in der Heider Ratsversammlung, wo ich die SPD in zwei Aussch\u00fcssen vertrat. Zuletzt aus Ausschussvorsitzender im Ausschuss f\u00fcr Familie-, Schule-, und Sport. Im Herbst 2014 wurde ich zum stellvertretenden Kreisvorsitzender der <a href=\"http:\/\/www.spd-dithmarschen.de\" target=\"_blank\" rel=\"noopener\">SPD-Dithmarschen<\/a> gew\u00e4hlt. Von 2020 bis 2024 war ich Kreisvorsitzender der <a href=\"http:\/\/spd-dithmarschen.de\" target=\"_blank\" rel=\"noopener\">SPD Dithmarschen<\/a>.<\/p>\n<h3>Gewerkschaften:<\/h3>\n<p>Zu Beginn meiner Lehre bin ich in die IG Metall eingetreten und habe mit Aufnahme meiner Lehrt\u00e4tigkeit in die Gewerkschaft Erziehung und Wissenschaft gewechselt. Zur IG Metall Rendsburg habe ich eine besondere Verbindung. Ich war eine Zeit lang Delegierter und habe auch ein wenig die Betreuung im Jugendbereich \u00fcbernommen. Gerne habe ich dort gearbeitet. Die Kolleginnen und Kollegen sind wunderbar. In der GEW habe ich versucht, mich im Bereich der Beruflichen Bildung zu organisieren. Ich bin also seit \u00fcber 30 Jahren in einer DGB Gewerkschaft organisiert, dabei kommt mir gerade die Frage: Ehren die einen auch mal?<\/p>\n<p>Ja, die Antwort ist&#8230; JA. Die GEW hat mich tats\u00e4chlich geehrt. Danke daf\u00fcr.<\/p>\n<p>-&gt; <a href=\"https:\/\/www.youtube.com\/channel\/UCKCe8VlSEYkDa4Yx_xA8VhA\" target=\"_blank\" rel=\"noopener\">Youtube<\/a><\/p>\n<p>-&gt; <a href=\"https:\/\/twitter.com\/DirkDiedrich\" target=\"_blank\" rel=\"noopener\">Twitter<\/a><\/p>\n","protected":false},"excerpt":{"rendered":"<p>\u00dcber mich: Studienrat an der Beruflichen Schule des Kreises Pinneberg in Elmshorn In der sch\u00f6nen Kreisstadt Heide bin ich in rebellischen Zeiten, Ende der 1960er Jahre geboren. Aufgewachsen in einem sozialdemokratischen Haushalt habe ich fr\u00fch gelernt, wie wichtig es ist, sich f\u00fcr die Belange der Gemeinschaft einzusetzen. Meine sch\u00f6nste Zeit habe ich in Ortenburg verbracht. [&hellip;]<\/p>\n","protected":false},"author":1,"featured_media":0,"parent":0,"menu_order":0,"comment_status":"closed","ping_status":"closed","template":"","meta":{"footnotes":""},"class_list":["post-12","page","type-page","status-publish","hentry"],"_links":{"self":[{"href":"https:\/\/dirk-diedrich.de\/index.php?rest_route=\/wp\/v2\/pages\/12","targetHints":{"allow":["GET"]}}],"collection":[{"href":"https:\/\/dirk-diedrich.de\/index.php?rest_route=\/wp\/v2\/pages"}],"about":[{"href":"https:\/\/dirk-diedrich.de\/index.php?rest_route=\/wp\/v2\/types\/page"}],"author":[{"embeddable":true,"href":"https:\/\/dirk-diedrich.de\/index.php?rest_route=\/wp\/v2\/users\/1"}],"replies":[{"embeddable":true,"href":"https:\/\/dirk-diedrich.de\/index.php?rest_route=%2Fwp%2Fv2%2Fcomments&post=12"}],"version-history":[{"count":5,"href":"https:\/\/dirk-diedrich.de\/index.php?rest_route=\/wp\/v2\/pages\/12\/revisions"}],"predecessor-version":[{"id":1004,"href":"https:\/\/dirk-diedrich.de\/index.php?rest_route=\/wp\/v2\/pages\/12\/revisions\/1004"}],"wp:attachment":[{"href":"https:\/\/dirk-diedrich.de\/index.php?rest_route=%2Fwp%2Fv2%2Fmedia&parent=12"}],"curies":[{"name":"wp","href":"https:\/\/api.w.org\/{rel}","templated":true}]}}